{"id":548,"date":"2024-06-25T04:28:19","date_gmt":"2024-06-25T04:28:19","guid":{"rendered":"https:\/\/wordpress.themeholy.com\/tourm\/?page_id=548"},"modified":"2025-08-21T10:40:38","modified_gmt":"2025-08-21T15:40:38","slug":"vinicunca","status":"publish","type":"page","link":"https:\/\/vinicunca.pe\/es_pe\/","title":{"rendered":"Vinicunca"},"content":{"rendered":"\t\t<div data-elementor-type=\"wp-page\" data-elementor-id=\"548\" class=\"elementor elementor-548\">\n\t\t\t\t<div class=\"elementor-element elementor-element-afba1bb e-con-full e-flex e-con e-parent\" data-id=\"afba1bb\" data-element_type=\"container\">\n\t\t\r\n\t\t<div class=\"elementor-element elementor-element-a9d9339 elementor-widget elementor-widget-tourmbanner\" data-id=\"a9d9339\" data-element_type=\"widget\" data-widget_type=\"tourmbanner.default\">\n\t\t\t\t<div class=\"elementor-widget-container\">\n\t\t\t\t\t<div class=\"th-hero-wrapper hero-1\" id=\"hero\"><div class=\"swiper th-slider hero-slider-1\" id=\"heroSlide1\" data-slider-options='{\"effect\":\"fade\",\"menu\": [\"\", \"\", \"\"],\"heroSlide1\": {\"swiper-container\": {\"pagination\": {\"el\": \".swiper-pagination\", \"clickable\": true }}}}'><div class=\"swiper-wrapper\"><div class=\"swiper-slide\"><div class=\"hero-inner\"><div class=\"th-hero-bg\" data-bg-src=\"https:\/\/vinicunca.pe\/wp-content\/uploads\/2025\/06\/banner1_1.webp\"><\/div><div class=\"container\"><div class=\"hero-style1\"><div class=\"btn-group\" data-ani=\"slideinup\" data-ani-delay=\"0.6s\"><\/div><\/div><\/div><\/div><\/div><div class=\"swiper-slide\"><div class=\"hero-inner\"><div class=\"th-hero-bg\" data-bg-src=\"https:\/\/vinicunca.pe\/wp-content\/uploads\/2025\/06\/banner2_1.webp\"><\/div><div class=\"container\"><div class=\"hero-style1\"><div class=\"btn-group\" data-ani=\"slideinup\" data-ani-delay=\"0.6s\"><\/div><\/div><\/div><\/div><\/div><\/div><div class=\"th-swiper-custom\"><button data-slider-prev=\"#heroSlide1\" class=\"slider-arrow slider-prev\"><img decoding=\"async\" src=\"https:\/\/vinicunca.pe\/wp-content\/plugins\/tourm-core\/assets\/img\/icon\/right-arrow.svg\" alt=\"\"><\/button><div class=\"slider-pagination\"><\/div><button data-slider-next=\"#heroSlide1\" class=\"slider-arrow slider-next\"><img decoding=\"async\" src=\"https:\/\/vinicunca.pe\/wp-content\/plugins\/tourm-core\/assets\/img\/icon\/left-arrow.svg\" alt=\"\"><\/button><\/div><\/div><\/div>\t\t\t\t<\/div>\n\t\t\t\t<\/div>\n\t\t\t\t<\/div>\n\t\t<div class=\"elementor-element elementor-element-c0de023 e-flex e-con-boxed e-con e-parent\" data-id=\"c0de023\" data-element_type=\"container\" data-settings=\"{&quot;background_background&quot;:&quot;classic&quot;}\">\n\t\t\t\t\t<div class=\"e-con-inner\">\n\t\t<div class=\"elementor-element elementor-element-5da87a1 e-con-full e-flex e-con e-child\" data-id=\"5da87a1\" data-element_type=\"container\">\n\t\t\t\t<div class=\"elementor-element elementor-element-0330179 elementor-widget elementor-widget-tourmimage\" data-id=\"0330179\" data-element_type=\"widget\" data-widget_type=\"tourmimage.default\">\n\t\t\t\t<div class=\"elementor-widget-container\">\n\t\t\t\t\t<div class=\"img-box1\"><div class=\"img1\"><img decoding=\"async\" src=\"https:\/\/vinicunca.pe\/wp-content\/uploads\/2025\/08\/GOTA-1.jpg\" alt=\"GOTA 1\"  \/><\/div><div class=\"img2\"><img decoding=\"async\" src=\"https:\/\/vinicunca.pe\/wp-content\/uploads\/2025\/06\/GOTA-2.jpg\" alt=\"GOTA 2\"  \/><\/div><div class=\"img3\"><img decoding=\"async\" src=\"https:\/\/vinicunca.pe\/wp-content\/uploads\/2025\/06\/GOTA-3.jpg\" alt=\"GOTA 3\"  \/><\/div><\/div>\t\t\t\t<\/div>\n\t\t\t\t<\/div>\n\t\t\t\t<\/div>\n\t\t<div class=\"elementor-element elementor-element-48a659a e-con-full e-flex e-con e-child\" data-id=\"48a659a\" data-element_type=\"container\">\n\t\t\t\t<div class=\"elementor-element elementor-element-c32e7c7 elementor-widget__width-initial elementor-widget-mobile__width-inherit elementor-widget elementor-widget-tourmsectiontitle\" data-id=\"c32e7c7\" data-element_type=\"widget\" data-widget_type=\"tourmsectiontitle.default\">\n\t\t\t\t<div class=\"elementor-widget-container\">\n\t\t\t\t\t\t\t<div class=\"title-area text-left \">\r\n\t\t\t<h2 class=\"sec-title \">Nosotros<\/h2>\t\t<\/div>\r\n\r\n\t\t\t\t\t<\/div>\n\t\t\t\t<\/div>\n\t\t\t\t<div class=\"elementor-element elementor-element-69e7f60 elementor-widget__width-initial elementor-widget-mobile__width-inherit elementor-widget elementor-widget-text-editor\" data-id=\"69e7f60\" data-element_type=\"widget\" data-widget_type=\"text-editor.default\">\n\t\t\t\t<div class=\"elementor-widget-container\">\n\t\t\t\t\t\t\t\t\t<p class=\"sec-text mb-30\">Somos una empresa con m\u00e1s de 15 a\u00f1os de experiencia en operaciones tur\u00edsticas en la regi\u00f3n Cusco.<br \/>Vinicunca.pe nace con la misi\u00f3n de brindar un servicio de alta calidad y atenci\u00f3n personalizada hacia la Monta\u00f1a de Colores.<br \/>Nuestras confortables y equipadas unidades, para un m\u00e1ximo de 9 viajeros, completan una experiencia m\u00e1gica para un destino \u00fanico.<\/p>\t\t\t\t\t\t\t\t<\/div>\n\t\t\t\t<\/div>\n\t\t\t\t<\/div>\n\t\t\t\t\t<\/div>\n\t\t\t\t<\/div>\n\t\t<div class=\"elementor-element elementor-element-7ab9ce5 e-flex e-con-boxed e-con e-parent\" data-id=\"7ab9ce5\" data-element_type=\"container\">\n\t\t\t\t\t<div class=\"e-con-inner\">\n\t\t\t\t<div class=\"elementor-element elementor-element-580a654 elementor-widget elementor-widget-tourmcatlist\" data-id=\"580a654\" data-element_type=\"widget\" data-widget_type=\"tourmcatlist.default\">\n\t\t\t\t<div class=\"elementor-widget-container\">\n\t\t\t\t\t<div class=\"swiper th-slider has-shadow categorySlider\" data-slider-options='{\"spaceBetween\": 50,\"breakpoints\":{\"0\":{\"slidesPerView\":1},\"576\":{\"slidesPerView\":\"1\"},\"768\":{\"slidesPerView\":\"2\"},\"992\":{\"slidesPerView\":\"3\"},\"1200\":{\"slidesPerView\":\"3\"},\"1400\":{\"slidesPerView\":\"5\"}}}'><div class=\"swiper-wrapper\"><div class=\"swiper-slide\"><div class=\"category-card single\"><div class=\"box-img global-img\"><img decoding=\"async\" src=\"https:\/\/vinicunca.pe\/wp-content\/uploads\/2025\/06\/CARRUSEL-1.jpg\" alt=\"CARRUSEL 1\"  \/><\/div><a class=\"line-btn\" href=\"\"><\/a><\/div><\/div><div class=\"swiper-slide\"><div class=\"category-card single\"><div class=\"box-img global-img\"><img decoding=\"async\" src=\"https:\/\/vinicunca.pe\/wp-content\/uploads\/2025\/06\/CARRUSEL-2.jpg\" alt=\"CARRUSEL 2\"  \/><\/div><a class=\"line-btn\" href=\"https:\/\/wordpress.themeholy.com\/tourm\/activities\/\"><\/a><\/div><\/div><div class=\"swiper-slide\"><div class=\"category-card single\"><div class=\"box-img global-img\"><img decoding=\"async\" src=\"https:\/\/vinicunca.pe\/wp-content\/uploads\/2025\/06\/CARRUSEL-3.jpg\" alt=\"CARRUSEL 3\"  \/><\/div><a class=\"line-btn\" href=\"https:\/\/wordpress.themeholy.com\/tourm\/activities\/\"><\/a><\/div><\/div><div class=\"swiper-slide\"><div class=\"category-card single\"><div class=\"box-img global-img\"><img decoding=\"async\" src=\"https:\/\/vinicunca.pe\/wp-content\/uploads\/2025\/06\/CARRUSEL-4.jpg\" alt=\"CARRUSEL 4\"  \/><\/div><a class=\"line-btn\" href=\"https:\/\/wordpress.themeholy.com\/tourm\/activities\/\"><\/a><\/div><\/div><div class=\"swiper-slide\"><div class=\"category-card single\"><div class=\"box-img global-img\"><img decoding=\"async\" src=\"https:\/\/vinicunca.pe\/wp-content\/uploads\/2025\/06\/CARRUSEL-5.jpg\" alt=\"CARRUSEL 5\"  \/><\/div><a class=\"line-btn\" href=\"https:\/\/wordpress.themeholy.com\/tourm\/activities\/\"><\/a><\/div><\/div><\/div><div class=\"slider-pagination\"><\/div><\/div>\t\t\t\t<\/div>\n\t\t\t\t<\/div>\n\t\t\t\t\t<\/div>\n\t\t\t\t<\/div>\n\t\t<div class=\"elementor-element elementor-element-d37dc86 e-flex e-con-boxed e-con e-parent\" data-id=\"d37dc86\" data-element_type=\"container\" data-settings=\"{&quot;background_background&quot;:&quot;classic&quot;}\">\n\t\t\t\t\t<div class=\"e-con-inner\">\n\t\t<div class=\"elementor-element elementor-element-10cfc7c e-con-full e-flex e-con e-child\" data-id=\"10cfc7c\" data-element_type=\"container\">\n\t\t\t\t<div class=\"elementor-element elementor-element-e9b3d82 elementor-widget elementor-widget-tourmimage\" data-id=\"e9b3d82\" data-element_type=\"widget\" data-widget_type=\"tourmimage.default\">\n\t\t\t\t<div class=\"elementor-widget-container\">\n\t\t\t\t\t<div class=\"img-box1\"><div class=\"img1\"><img decoding=\"async\" src=\"https:\/\/vinicunca.pe\/wp-content\/uploads\/2025\/08\/GOTA-4.jpg\" alt=\"GOTA 4\"  \/><\/div><div class=\"img2\"><img decoding=\"async\" src=\"https:\/\/vinicunca.pe\/wp-content\/uploads\/2025\/06\/GOTA-5.jpg\" alt=\"GOTA 5\"  \/><\/div><div class=\"img3\"><img decoding=\"async\" src=\"https:\/\/vinicunca.pe\/wp-content\/uploads\/2025\/06\/GOTA-6.jpg\" alt=\"GOTA 6\"  \/><\/div><\/div>\t\t\t\t<\/div>\n\t\t\t\t<\/div>\n\t\t\t\t<\/div>\n\t\t<div class=\"elementor-element elementor-element-8ac7cc9 e-con-full e-flex e-con e-child\" data-id=\"8ac7cc9\" data-element_type=\"container\">\n\t\t\t\t<div class=\"elementor-element elementor-element-a4bf27a elementor-widget__width-initial elementor-widget-mobile__width-inherit elementor-widget elementor-widget-tourmsectiontitle\" data-id=\"a4bf27a\" data-element_type=\"widget\" data-widget_type=\"tourmsectiontitle.default\">\n\t\t\t\t<div class=\"elementor-widget-container\">\n\t\t\t\t\t\t\t<div class=\"title-area text-left \">\r\n\t\t\t<h2 class=\"sec-title \">Monta\u00f1a Vinicunca Full Day <\/h2>\t\t<\/div>\r\n\r\n\t\t\t\t\t<\/div>\n\t\t\t\t<\/div>\n\t\t\t\t<div class=\"elementor-element elementor-element-d190e26 elementor-widget elementor-widget-tourmfeatures\" data-id=\"d190e26\" data-element_type=\"widget\" data-widget_type=\"tourmfeatures.default\">\n\t\t\t\t<div class=\"elementor-widget-container\">\n\t\t\t\t\t<div class=\"about-item-wrap\"><div class=\"about-item\"><div class=\"about-item_img\"><img decoding=\"async\" src=\"https:\/\/vinicunca.pe\/wp-content\/uploads\/2025\/06\/ICONO-1.png\" alt=\"\"><\/div><div class=\"about-item_centent\"><h5 class=\"box-title title\">Recojo del hotel a las 06:30\n<\/h5><p class=\"about-item_text desc\">Traslado desde Cusco hasta el punto de control (aprox. 4 horas).\n<\/p><\/div><\/div><div class=\"about-item\"><div class=\"about-item_img\"><img decoding=\"async\" src=\"https:\/\/vinicunca.pe\/wp-content\/uploads\/2025\/06\/ICONO-2.png\" alt=\"\"><\/div><div class=\"about-item_centent\"><p class=\"about-item_text desc\">Caminata por 1.5 horas hasta llegar a la Monta\u00f1a de Colores (Vinicunca 5020 msnm).<\/p><\/div><\/div><div class=\"about-item\"><div class=\"about-item_img\"><img decoding=\"async\" src=\"https:\/\/vinicunca.pe\/wp-content\/uploads\/2025\/06\/ICONO-3.png\" alt=\"\"><\/div><div class=\"about-item_centent\"><h5 class=\"box-title title\">Tiempo libre para explorar (aprox. 45 minutos).<\/h5><p class=\"about-item_text desc\">Inicio de caminata de descenso hasta el punto de encuentro con el transporte.\n<\/p><\/div><\/div><div class=\"about-item\"><div class=\"about-item_img\"><img decoding=\"async\" src=\"https:\/\/vinicunca.pe\/wp-content\/uploads\/2025\/06\/ICONO-4.png\" alt=\"\"><\/div><div class=\"about-item_centent\"><h5 class=\"box-title title\">&nbsp;&nbsp;&nbsp;&nbsp;&nbsp;<\/h5><p class=\"about-item_text desc\">Viaje de retorno a Cusco.<\/p><\/div><\/div><div class=\"about-item\"><div class=\"about-item_img\"><img decoding=\"async\" src=\"https:\/\/vinicunca.pe\/wp-content\/uploads\/2025\/06\/ICONO-5.png\" alt=\"\"><\/div><div class=\"about-item_centent\"><p class=\"about-item_text desc\">En ruta, nos detendremos en un restaurante para almorzar.<\/p><\/div><\/div><\/div>\t\t\t\t<\/div>\n\t\t\t\t<\/div>\n\t\t\t\t<div class=\"elementor-element elementor-element-15b12b9 elementor-widget elementor-widget-tourmbutton\" data-id=\"15b12b9\" data-element_type=\"widget\" data-widget_type=\"tourmbutton.default\">\n\t\t\t\t<div class=\"elementor-widget-container\">\n\t\t\t\t\t<div class=\"btn-wrapper\"><a class=\"th-btn th_btn th-icon style3\" href=\"https:\/\/vinicunca.pe\/product\/viaje-prueba\/\">Reservar ahora !<\/a><\/div>\t\t\t\t<\/div>\n\t\t\t\t<\/div>\n\t\t\t\t<\/div>\n\t\t\t\t\t<\/div>\n\t\t\t\t<\/div>\n\t\t\t\t<\/div>\n\t\t","protected":false},"excerpt":{"rendered":"<p>Nosotros Somos una empresa con m\u00e1s de 15 a\u00f1os de experiencia en operaciones tur\u00edsticas en la regi\u00f3n Cusco.Vinicunca.pe nace con la misi\u00f3n de brindar un servicio de alta calidad y atenci\u00f3n personalizada hacia la Monta\u00f1a de Colores.Nuestras confortables y equipadas unidades, para un m\u00e1ximo de 9 viajeros, completan una experiencia m\u00e1gica para un destino \u00fanico&#8230;.<\/p>\n","protected":false},"author":1,"featured_media":0,"parent":0,"menu_order":0,"comment_status":"closed","ping_status":"closed","template":"redux-templates_full_width","meta":{"footnotes":""},"class_list":["post-548","page","type-page","status-publish","hentry"],"_links":{"self":[{"href":"https:\/\/vinicunca.pe\/es_pe\/wp-json\/wp\/v2\/pages\/548","targetHints":{"allow":["GET"]}}],"collection":[{"href":"https:\/\/vinicunca.pe\/es_pe\/wp-json\/wp\/v2\/pages"}],"about":[{"href":"https:\/\/vinicunca.pe\/es_pe\/wp-json\/wp\/v2\/types\/page"}],"author":[{"embeddable":true,"href":"https:\/\/vinicunca.pe\/es_pe\/wp-json\/wp\/v2\/users\/1"}],"replies":[{"embeddable":true,"href":"https:\/\/vinicunca.pe\/es_pe\/wp-json\/wp\/v2\/comments?post=548"}],"version-history":[{"count":293,"href":"https:\/\/vinicunca.pe\/es_pe\/wp-json\/wp\/v2\/pages\/548\/revisions"}],"predecessor-version":[{"id":7549,"href":"https:\/\/vinicunca.pe\/es_pe\/wp-json\/wp\/v2\/pages\/548\/revisions\/7549"}],"wp:attachment":[{"href":"https:\/\/vinicunca.pe\/es_pe\/wp-json\/wp\/v2\/media?parent=548"}],"curies":[{"name":"wp","href":"https:\/\/api.w.org\/{rel}","templated":true}]}}